{"id":119,"date":"2025-06-17T05:04:24","date_gmt":"2025-06-17T05:04:24","guid":{"rendered":"https:\/\/interamericanaprogreso.org\/?page_id=119"},"modified":"2025-06-17T06:54:28","modified_gmt":"2025-06-17T06:54:28","slug":"quienes-somos","status":"publish","type":"page","link":"https:\/\/interamericanaprogreso.org\/?page_id=119","title":{"rendered":"\u00bfQUI\u00c9NES SOMOS?"},"content":{"rendered":"\n<p>Somos una <strong>organizaci\u00f3n internacional <\/strong>sin fines de lucro, nacida en la Regi\u00f3n de Tarapac\u00e1, en la ciudad de Iquique, con m\u00e1s de 15 a\u00f1os de trayectoria al servicio del desarrollo sostenible y la integraci\u00f3n internacional.<\/p>\n\n\n\n<p>Nos comprometemos con iniciativas que impulsan el progreso econ\u00f3mico y social de las comunidades, con un enfoque especial en el turismo como motor de desarrollo regional. <strong>Generamos alianzas estrat\u00e9gicas y desarrollamos proyectos con impacto real en el territorio.<\/strong><\/p>\n\n\n\n<p>Nuestro trabajo se fundamenta en la cooperaci\u00f3n, la innovaci\u00f3n y el compromiso.<br><\/p>\n\n\n\n<figure class=\"wp-block-image size-full\"><img loading=\"lazy\" decoding=\"async\" width=\"900\" height=\"517\" src=\"https:\/\/interamericanaprogreso.org\/wp-content\/uploads\/2025\/06\/iquique-1.jpeg\" alt=\"\" class=\"wp-image-131\" srcset=\"https:\/\/interamericanaprogreso.org\/wp-content\/uploads\/2025\/06\/iquique-1.jpeg 900w, https:\/\/interamericanaprogreso.org\/wp-content\/uploads\/2025\/06\/iquique-1-300x172.jpeg 300w, https:\/\/interamericanaprogreso.org\/wp-content\/uploads\/2025\/06\/iquique-1-768x441.jpeg 768w\" sizes=\"auto, (max-width: 900px) 100vw, 900px\" \/><\/figure>\n","protected":false},"excerpt":{"rendered":"<p>Somos una organizaci\u00f3n internacional sin fines de lucro, nacida en la Regi\u00f3n de Tarapac\u00e1, en la ciudad de Iquique, con m\u00e1s de 15 a\u00f1os de<span class=\"more-button\"><a href=\"https:\/\/interamericanaprogreso.org\/?page_id=119\" class=\"more-link\">Seguir leyendo<span class=\"screen-reader-text\">\u00bfQUI\u00c9NES SOMOS?<\/span><\/a><\/span><\/p>\n","protected":false},"author":1,"featured_media":89,"parent":0,"menu_order":0,"comment_status":"closed","ping_status":"closed","template":"","meta":{"footnotes":""},"class_list":["post-119","page","type-page","status-publish","has-post-thumbnail","hentry"],"_links":{"self":[{"href":"https:\/\/interamericanaprogreso.org\/index.php?rest_route=\/wp\/v2\/pages\/119","targetHints":{"allow":["GET"]}}],"collection":[{"href":"https:\/\/interamericanaprogreso.org\/index.php?rest_route=\/wp\/v2\/pages"}],"about":[{"href":"https:\/\/interamericanaprogreso.org\/index.php?rest_route=\/wp\/v2\/types\/page"}],"author":[{"embeddable":true,"href":"https:\/\/interamericanaprogreso.org\/index.php?rest_route=\/wp\/v2\/users\/1"}],"replies":[{"embeddable":true,"href":"https:\/\/interamericanaprogreso.org\/index.php?rest_route=%2Fwp%2Fv2%2Fcomments&post=119"}],"version-history":[{"count":7,"href":"https:\/\/interamericanaprogreso.org\/index.php?rest_route=\/wp\/v2\/pages\/119\/revisions"}],"predecessor-version":[{"id":164,"href":"https:\/\/interamericanaprogreso.org\/index.php?rest_route=\/wp\/v2\/pages\/119\/revisions\/164"}],"wp:featuredmedia":[{"embeddable":true,"href":"https:\/\/interamericanaprogreso.org\/index.php?rest_route=\/wp\/v2\/media\/89"}],"wp:attachment":[{"href":"https:\/\/interamericanaprogreso.org\/index.php?rest_route=%2Fwp%2Fv2%2Fmedia&parent=119"}],"curies":[{"name":"wp","href":"https:\/\/api.w.org\/{rel}","templated":true}]}}